{"id":38,"date":"2022-05-16T16:07:31","date_gmt":"2022-05-16T19:07:31","guid":{"rendered":"http:\/\/elisama.com.br\/?page_id=38"},"modified":"2022-05-20T10:16:24","modified_gmt":"2022-05-20T13:16:24","slug":"sobre","status":"publish","type":"page","link":"http:\/\/elisama.com.br\/?page_id=38","title":{"rendered":"Muito prazer, n\u00f3s somos a Elisama."},"content":{"rendered":"\n<figure class=\"wp-block-image alignwide size-large\"><img loading=\"lazy\" decoding=\"async\" width=\"1024\" height=\"498\" src=\"http:\/\/elisama.com.br\/wp-content\/uploads\/2022\/05\/banner_2_2880x1400-1024x498.png\" alt=\"\" class=\"wp-image-138\" srcset=\"http:\/\/elisama.com.br\/wp-content\/uploads\/2022\/05\/banner_2_2880x1400-1024x498.png 1024w, http:\/\/elisama.com.br\/wp-content\/uploads\/2022\/05\/banner_2_2880x1400-300x146.png 300w, http:\/\/elisama.com.br\/wp-content\/uploads\/2022\/05\/banner_2_2880x1400-768x373.png 768w, http:\/\/elisama.com.br\/wp-content\/uploads\/2022\/05\/banner_2_2880x1400-1536x747.png 1536w, http:\/\/elisama.com.br\/wp-content\/uploads\/2022\/05\/banner_2_2880x1400-2048x996.png 2048w, http:\/\/elisama.com.br\/wp-content\/uploads\/2022\/05\/banner_2_2880x1400-1200x583.png 1200w, http:\/\/elisama.com.br\/wp-content\/uploads\/2022\/05\/banner_2_2880x1400-1980x963.png 1980w\" sizes=\"auto, (max-width: 1024px) 100vw, 1024px\" \/><\/figure>\n\n\n\n<p class=\"has-normal-font-size\">Somos uma comunidade que valoriza a vida acima de tudo. Somos uma comunidade centralizada em Cristo, fazendo nosso melhor para amar e servir ao pr\u00f3ximo. Uma igreja fam\u00edlia, pronta para servir e acolhedora.<\/p>\n\n\n\n<p class=\"has-larger-font-size\"><strong>Venha e junte-se a n\u00f3s, fa\u00e7a parte desta fam\u00edlia de Deus.<\/strong><\/p>\n","protected":false},"excerpt":{"rendered":"<p>Somos uma comunidade que valoriza a vida acima de tudo. Somos uma comunidade centralizada em Cristo, fazendo nosso melhor para amar e servir ao pr\u00f3ximo. Uma igreja fam\u00edlia, pronta para servir e acolhedora. Venha e junte-se a n\u00f3s, fa\u00e7a parte desta fam\u00edlia de Deus.<\/p>\n","protected":false},"author":1,"featured_media":0,"parent":0,"menu_order":0,"comment_status":"closed","ping_status":"closed","template":"","meta":{"footnotes":""},"class_list":["post-38","page","type-page","status-publish","hentry"],"_links":{"self":[{"href":"http:\/\/elisama.com.br\/index.php?rest_route=\/wp\/v2\/pages\/38","targetHints":{"allow":["GET"]}}],"collection":[{"href":"http:\/\/elisama.com.br\/index.php?rest_route=\/wp\/v2\/pages"}],"about":[{"href":"http:\/\/elisama.com.br\/index.php?rest_route=\/wp\/v2\/types\/page"}],"author":[{"embeddable":true,"href":"http:\/\/elisama.com.br\/index.php?rest_route=\/wp\/v2\/users\/1"}],"replies":[{"embeddable":true,"href":"http:\/\/elisama.com.br\/index.php?rest_route=%2Fwp%2Fv2%2Fcomments&post=38"}],"version-history":[{"count":6,"href":"http:\/\/elisama.com.br\/index.php?rest_route=\/wp\/v2\/pages\/38\/revisions"}],"predecessor-version":[{"id":142,"href":"http:\/\/elisama.com.br\/index.php?rest_route=\/wp\/v2\/pages\/38\/revisions\/142"}],"wp:attachment":[{"href":"http:\/\/elisama.com.br\/index.php?rest_route=%2Fwp%2Fv2%2Fmedia&parent=38"}],"curies":[{"name":"wp","href":"https:\/\/api.w.org\/{rel}","templated":true}]}}