{"id":37,"date":"2022-05-16T16:07:31","date_gmt":"2022-05-16T19:07:31","guid":{"rendered":"http:\/\/elisama.com.br\/?page_id=37"},"modified":"2022-05-25T09:58:16","modified_gmt":"2022-05-25T12:58:16","slug":"o-novo-umoma-abre-suas-portas-2","status":"publish","type":"page","link":"http:\/\/elisama.com.br\/","title":{"rendered":"Venha fazer parte deste mover prof\u00e9tico."},"content":{"rendered":"\n<div class=\"wp-block-group alignwide\"><div class=\"wp-block-group__inner-container is-layout-flow wp-block-group-is-layout-flow\">\n<p class=\"has-text-align-center\">N\u00e3o importa qual seja sua hist\u00f3ria; voc\u00ea \u00e9 bem-vindo(a) entre n\u00f3s e, juntos,&nbsp;buscaremos&nbsp;ser melhores, mais bondosos, mais&nbsp;crist\u00e3os&nbsp;\u2014 porque foi isso que Jesus nos ensinou.<\/p>\n\n\n\n<h2 class=\"has-text-align-center wp-block-heading\">Somos uma comunidade que valoriza a vida. \u00c9 sobre servir e n\u00e3o ser servido. Servimos por algo maior, nosso amor e nossa gratid\u00e3o por Jesus.<\/h2>\n<\/div><\/div>\n\n\n\n<div class=\"wp-block-columns alignwide is-layout-flex wp-container-core-columns-is-layout-9d6595d7 wp-block-columns-is-layout-flex\">\n<div class=\"wp-block-column is-layout-flow wp-block-column-is-layout-flow\">\n<div class=\"wp-block-group\"><div class=\"wp-block-group__inner-container is-layout-flow wp-block-group-is-layout-flow\">\n<figure class=\"wp-block-gallery alignfull has-nested-images columns-default is-cropped wp-block-gallery-1 is-layout-flex wp-block-gallery-is-layout-flex\">\n<figure class=\"wp-block-image size-full\"><a href=\"https:\/\/www.facebook.com\/igrejabatistaelisama\" target=\"_blank\" rel=\"noopener\"><img loading=\"lazy\" decoding=\"async\" width=\"600\" height=\"600\" data-id=\"110\" src=\"http:\/\/elisama.com.br\/wp-content\/uploads\/2022\/05\/testes.png\" alt=\"\" class=\"wp-image-110\" srcset=\"http:\/\/elisama.com.br\/wp-content\/uploads\/2022\/05\/testes.png 600w, http:\/\/elisama.com.br\/wp-content\/uploads\/2022\/05\/testes-300x300.png 300w, http:\/\/elisama.com.br\/wp-content\/uploads\/2022\/05\/testes-150x150.png 150w\" sizes=\"auto, (max-width: 600px) 100vw, 600px\" \/><\/a><\/figure>\n<\/figure>\n\n\n\n<h3 class=\"has-text-align-center wp-block-heading\">Facebook<\/h3>\n\n\n\n<div class=\"wp-block-button aligncenter is-style-outline is-style-outline--2\"><a class=\"wp-block-button__link\" href=\"https:\/\/www.facebook.com\/igrejabatistaelisama\" target=\"_blank\" rel=\"noreferrer noopener\">Saiba mais<\/a><\/div>\n<\/div><\/div>\n\n\n\n<div class=\"wp-block-group\"><div class=\"wp-block-group__inner-container is-layout-flow wp-block-group-is-layout-flow\">\n<figure class=\"wp-block-image alignfull size-full\"><a href=\"https:\/\/www.instagram.com\/ibelisama\/\" target=\"_blank\" rel=\"noopener\"><img loading=\"lazy\" decoding=\"async\" width=\"600\" height=\"600\" src=\"http:\/\/elisama.com.br\/wp-content\/uploads\/2022\/05\/instagram-1.png\" alt=\"\" class=\"wp-image-113\" srcset=\"http:\/\/elisama.com.br\/wp-content\/uploads\/2022\/05\/instagram-1.png 600w, http:\/\/elisama.com.br\/wp-content\/uploads\/2022\/05\/instagram-1-300x300.png 300w, http:\/\/elisama.com.br\/wp-content\/uploads\/2022\/05\/instagram-1-150x150.png 150w\" sizes=\"auto, (max-width: 600px) 100vw, 600px\" \/><\/a><\/figure>\n\n\n\n<h3 class=\"has-text-align-center wp-block-heading\">Instagram<\/h3>\n\n\n\n<div class=\"wp-block-button aligncenter is-style-outline is-style-outline--3\"><a class=\"wp-block-button__link\" href=\"https:\/\/www.instagram.com\/ibelisama\/\" target=\"_blank\" rel=\"noreferrer noopener\">Saiba mais<\/a><\/div>\n<\/div><\/div>\n<\/div>\n\n\n\n<div class=\"wp-block-column is-layout-flow wp-block-column-is-layout-flow\">\n<div class=\"wp-block-group\"><div class=\"wp-block-group__inner-container is-layout-flow wp-block-group-is-layout-flow\">\n<figure class=\"wp-block-gallery alignfull has-nested-images columns-default is-cropped wp-block-gallery-4 is-layout-flex wp-block-gallery-is-layout-flex\">\n<figure class=\"wp-block-image size-full\"><a href=\"https:\/\/www.youtube.com\/user\/elisamaonline\" target=\"_blank\" rel=\"noopener\"><img loading=\"lazy\" decoding=\"async\" width=\"600\" height=\"600\" data-id=\"112\" src=\"http:\/\/elisama.com.br\/wp-content\/uploads\/2022\/05\/youtube-1.png\" alt=\"\" class=\"wp-image-112\" srcset=\"http:\/\/elisama.com.br\/wp-content\/uploads\/2022\/05\/youtube-1.png 600w, http:\/\/elisama.com.br\/wp-content\/uploads\/2022\/05\/youtube-1-300x300.png 300w, http:\/\/elisama.com.br\/wp-content\/uploads\/2022\/05\/youtube-1-150x150.png 150w\" sizes=\"auto, (max-width: 600px) 100vw, 600px\" \/><\/a><\/figure>\n<\/figure>\n\n\n\n<h3 class=\"has-text-align-center wp-block-heading\">Youtube<\/h3>\n\n\n\n<div class=\"wp-block-button aligncenter is-style-outline is-style-outline--5\"><a class=\"wp-block-button__link\" href=\"https:\/\/www.youtube.com\/user\/elisamaonline\" target=\"_blank\" rel=\"noreferrer noopener\">Saiba mais<\/a><\/div>\n<\/div><\/div>\n\n\n\n<div class=\"wp-block-group\"><div class=\"wp-block-group__inner-container is-layout-flow wp-block-group-is-layout-flow\">\n<figure class=\"wp-block-image alignfull size-full\"><a href=\"mailto:igrejabatistaelisama@gmail.com\" target=\"_blank\" rel=\"noopener\"><img loading=\"lazy\" decoding=\"async\" width=\"600\" height=\"600\" src=\"http:\/\/elisama.com.br\/wp-content\/uploads\/2022\/05\/email.png\" alt=\"\" class=\"wp-image-118\" srcset=\"http:\/\/elisama.com.br\/wp-content\/uploads\/2022\/05\/email.png 600w, http:\/\/elisama.com.br\/wp-content\/uploads\/2022\/05\/email-300x300.png 300w, http:\/\/elisama.com.br\/wp-content\/uploads\/2022\/05\/email-150x150.png 150w\" sizes=\"auto, (max-width: 600px) 100vw, 600px\" \/><\/a><\/figure>\n\n\n\n<h3 class=\"has-text-align-center wp-block-heading\">E-mail<\/h3>\n\n\n\n<div class=\"wp-block-button aligncenter is-style-outline is-style-outline--6\"><a class=\"wp-block-button__link\" href=\"mailto:igrejabatistaelisama@gmail.com\" target=\"_blank\" rel=\"noreferrer noopener\">Saiba mais<\/a><\/div>\n<\/div><\/div>\n<\/div>\n<\/div>\n\n\n\n<figure class=\"wp-block-image alignfull size-large\"><img loading=\"lazy\" decoding=\"async\" width=\"1024\" height=\"498\" src=\"http:\/\/elisama.com.br\/wp-content\/uploads\/2022\/05\/banner_2880x1400-1-1024x498.jpg\" alt=\"\" class=\"wp-image-176\" srcset=\"http:\/\/elisama.com.br\/wp-content\/uploads\/2022\/05\/banner_2880x1400-1-1024x498.jpg 1024w, http:\/\/elisama.com.br\/wp-content\/uploads\/2022\/05\/banner_2880x1400-1-300x146.jpg 300w, http:\/\/elisama.com.br\/wp-content\/uploads\/2022\/05\/banner_2880x1400-1-768x373.jpg 768w, http:\/\/elisama.com.br\/wp-content\/uploads\/2022\/05\/banner_2880x1400-1-1536x747.jpg 1536w, http:\/\/elisama.com.br\/wp-content\/uploads\/2022\/05\/banner_2880x1400-1-2048x996.jpg 2048w, http:\/\/elisama.com.br\/wp-content\/uploads\/2022\/05\/banner_2880x1400-1-1200x583.jpg 1200w, http:\/\/elisama.com.br\/wp-content\/uploads\/2022\/05\/banner_2880x1400-1-1980x963.jpg 1980w\" sizes=\"auto, (max-width: 1024px) 100vw, 1024px\" \/><\/figure>\n\n\n\n<div class=\"wp-block-group alignwide\"><div class=\"wp-block-group__inner-container is-layout-flow wp-block-group-is-layout-flow\">\n<h2 class=\"has-text-align-center has-primary-color has-text-color wp-block-heading\">&#8220;Busquem, pois, em primeiro lugar o Reino de Deus e a sua justi\u00e7a, e todas essas coisas lhes ser\u00e3o acrescentadas&#8221;.<\/h2>\n\n\n\n<h2 class=\"has-text-align-center has-primary-color has-text-color has-small-font-size wp-block-heading\"><em>Mateus 6:33<\/em><\/h2>\n<\/div><\/div>\n\n\n\n<p class=\"has-text-align-center has-primary-color has-text-color\">Somos um povo que ama a Deus acima de todas as coisas. A Igreja somos n\u00f3s. N\u00e3o \u00e9 um pr\u00e9dio, nem o pastor, nem l\u00edderes, m\u00fasica ou tradi\u00e7\u00e3o. Igreja n\u00e3o \u00e9 um culto! Eu e voc\u00ea somos a igreja, uma fam\u00edlia para Deus, um corpo para o filho, um templo para o Esp\u00edrito Santo.<\/p>\n\n\n\n<p class=\"has-text-align-center\"><strong>Juntos vamos construir novas hist\u00f3rias<\/strong>.<\/p>\n\n\n\n<p><\/p>\n\n\n\n<figure class=\"wp-block-gallery alignwide has-nested-images columns-default is-cropped wp-block-gallery-7 is-layout-flex wp-block-gallery-is-layout-flex\">\n<figure class=\"wp-block-image size-large\"><img loading=\"lazy\" decoding=\"async\" width=\"1024\" height=\"1024\" data-id=\"132\" src=\"http:\/\/elisama.com.br\/wp-content\/uploads\/2022\/05\/banner1_1160x1160-1-1024x1024.png\" alt=\"\" class=\"wp-image-132\" srcset=\"http:\/\/elisama.com.br\/wp-content\/uploads\/2022\/05\/banner1_1160x1160-1-1024x1024.png 1024w, http:\/\/elisama.com.br\/wp-content\/uploads\/2022\/05\/banner1_1160x1160-1-300x300.png 300w, http:\/\/elisama.com.br\/wp-content\/uploads\/2022\/05\/banner1_1160x1160-1-150x150.png 150w, http:\/\/elisama.com.br\/wp-content\/uploads\/2022\/05\/banner1_1160x1160-1-768x768.png 768w, http:\/\/elisama.com.br\/wp-content\/uploads\/2022\/05\/banner1_1160x1160-1.png 1160w\" sizes=\"auto, (max-width: 1024px) 100vw, 1024px\" \/><\/figure>\n\n\n\n<figure class=\"wp-block-image size-large\"><img loading=\"lazy\" decoding=\"async\" width=\"1024\" height=\"1024\" data-id=\"133\" src=\"http:\/\/elisama.com.br\/wp-content\/uploads\/2022\/05\/banner2_1160x1160-1-1024x1024.png\" alt=\"\" class=\"wp-image-133\" srcset=\"http:\/\/elisama.com.br\/wp-content\/uploads\/2022\/05\/banner2_1160x1160-1-1024x1024.png 1024w, http:\/\/elisama.com.br\/wp-content\/uploads\/2022\/05\/banner2_1160x1160-1-300x300.png 300w, http:\/\/elisama.com.br\/wp-content\/uploads\/2022\/05\/banner2_1160x1160-1-150x150.png 150w, http:\/\/elisama.com.br\/wp-content\/uploads\/2022\/05\/banner2_1160x1160-1-768x768.png 768w, http:\/\/elisama.com.br\/wp-content\/uploads\/2022\/05\/banner2_1160x1160-1.png 1160w\" sizes=\"auto, (max-width: 1024px) 100vw, 1024px\" \/><\/figure>\n<\/figure>\n","protected":false},"excerpt":{"rendered":"<p>N\u00e3o importa qual seja sua hist\u00f3ria; voc\u00ea \u00e9 bem-vindo(a) entre n\u00f3s e, juntos,&nbsp;buscaremos&nbsp;ser melhores, mais bondosos, mais&nbsp;crist\u00e3os&nbsp;\u2014 porque foi isso que Jesus nos ensinou. Somos uma comunidade que valoriza a vida. \u00c9 sobre servir e n\u00e3o ser servido. Servimos por algo maior, nosso amor e nossa gratid\u00e3o por Jesus. Facebook Instagram Youtube E-mail &#8220;Busquem, pois, [&hellip;]<\/p>\n","protected":false},"author":1,"featured_media":108,"parent":0,"menu_order":0,"comment_status":"closed","ping_status":"closed","template":"","meta":{"footnotes":""},"class_list":["post-37","page","type-page","status-publish","has-post-thumbnail","hentry"],"_links":{"self":[{"href":"http:\/\/elisama.com.br\/index.php?rest_route=\/wp\/v2\/pages\/37","targetHints":{"allow":["GET"]}}],"collection":[{"href":"http:\/\/elisama.com.br\/index.php?rest_route=\/wp\/v2\/pages"}],"about":[{"href":"http:\/\/elisama.com.br\/index.php?rest_route=\/wp\/v2\/types\/page"}],"author":[{"embeddable":true,"href":"http:\/\/elisama.com.br\/index.php?rest_route=\/wp\/v2\/users\/1"}],"replies":[{"embeddable":true,"href":"http:\/\/elisama.com.br\/index.php?rest_route=%2Fwp%2Fv2%2Fcomments&post=37"}],"version-history":[{"count":29,"href":"http:\/\/elisama.com.br\/index.php?rest_route=\/wp\/v2\/pages\/37\/revisions"}],"predecessor-version":[{"id":177,"href":"http:\/\/elisama.com.br\/index.php?rest_route=\/wp\/v2\/pages\/37\/revisions\/177"}],"wp:featuredmedia":[{"embeddable":true,"href":"http:\/\/elisama.com.br\/index.php?rest_route=\/wp\/v2\/media\/108"}],"wp:attachment":[{"href":"http:\/\/elisama.com.br\/index.php?rest_route=%2Fwp%2Fv2%2Fmedia&parent=37"}],"curies":[{"name":"wp","href":"https:\/\/api.w.org\/{rel}","templated":true}]}}